{"id":15,"date":"2023-02-04T01:53:22","date_gmt":"2023-02-04T01:53:22","guid":{"rendered":"https:\/\/contungphong.vn\/?page_id=15"},"modified":"2023-03-16T07:34:25","modified_gmt":"2023-03-16T07:34:25","slug":"testtt","status":"publish","type":"page","link":"https:\/\/contungphong.vn\/","title":{"rendered":"Testtt"},"content":{"rendered":"\t<section class=\"section\" id=\"section_1962572573\">\n\t\t<div class=\"bg section-bg fill bg-fill  bg-loaded\" >\n\n\t\t\t\n\t\t\t\n\t\t\t\n\n\t\t<\/div><!-- .section-bg -->\n\n\t\t<div class=\"section-content relative\">\n\t\t\t\n\t<div class=\"img has-hover show-for-small x md-x lg-x y md-y lg-y\" id=\"image_867136303\">\n\t\t\t\t\t\t\t\t<div class=\"img-inner dark\" >\n\t\t\t<img loading=\"lazy\" decoding=\"async\" width=\"3334\" height=\"1579\" src=\"https:\/\/contungphong.vn\/wp-content\/uploads\/2023\/02\/banner1.png\" class=\"attachment-original size-original\" alt=\"\" srcset=\"https:\/\/contungphong.vn\/wp-content\/uploads\/2023\/02\/banner1.png 3334w, https:\/\/contungphong.vn\/wp-content\/uploads\/2023\/02\/banner1-300x142.png 300w, https:\/\/contungphong.vn\/wp-content\/uploads\/2023\/02\/banner1-1024x485.png 1024w, https:\/\/contungphong.vn\/wp-content\/uploads\/2023\/02\/banner1-768x364.png 768w, https:\/\/contungphong.vn\/wp-content\/uploads\/2023\/02\/banner1-1536x727.png 1536w, https:\/\/contungphong.vn\/wp-content\/uploads\/2023\/02\/banner1-2048x970.png 2048w\" sizes=\"auto, (max-width: 3334px) 100vw, 3334px\" \/>\t\t\t\t\t\t\n\t\t\t\t\t<\/div>\n\t\t\t\t\t\t\t\t\n<style scope=\"scope\">\n\n#image_867136303 {\n  width: 100%;\n}\n<\/style>\n\t<\/div>\n\t\n\t\t<\/div><!-- .section-content -->\n\n\t\t\n<style scope=\"scope\">\n\n#section_1962572573 {\n  padding-top: 0px;\n  padding-bottom: 0px;\n}\n<\/style>\n\t<\/section>\n\t\n\t<section class=\"section hide-for-small\" id=\"section_883083226\">\n\t\t<div class=\"bg section-bg fill bg-fill  bg-loaded\" >\n\n\t\t\t\n\t\t\t\n\t\t\t\n\n\t\t<\/div><!-- .section-bg -->\n\n\t\t<div class=\"section-content relative\">\n\t\t\t\n\t<div class=\"img has-hover x md-x lg-x y md-y lg-y\" id=\"image_230458844\">\n\t\t\t\t\t\t\t\t<div class=\"img-inner dark\" >\n\t\t\t<img loading=\"lazy\" decoding=\"async\" width=\"2560\" height=\"1212\" src=\"https:\/\/contungphong.vn\/wp-content\/uploads\/2023\/02\/banner-2-scaled.jpg\" class=\"attachment-original size-original\" alt=\"\" srcset=\"https:\/\/contungphong.vn\/wp-content\/uploads\/2023\/02\/banner-2-scaled.jpg 2560w, https:\/\/contungphong.vn\/wp-content\/uploads\/2023\/02\/banner-2-300x142.jpg 300w, https:\/\/contungphong.vn\/wp-content\/uploads\/2023\/02\/banner-2-1024x485.jpg 1024w, https:\/\/contungphong.vn\/wp-content\/uploads\/2023\/02\/banner-2-768x364.jpg 768w, https:\/\/contungphong.vn\/wp-content\/uploads\/2023\/02\/banner-2-1536x727.jpg 1536w, https:\/\/contungphong.vn\/wp-content\/uploads\/2023\/02\/banner-2-2048x970.jpg 2048w\" sizes=\"auto, (max-width: 2560px) 100vw, 2560px\" \/>\t\t\t\t\t\t\n\t\t\t\t\t<\/div>\n\t\t\t\t\t\t\t\t\n<style scope=\"scope\">\n\n#image_230458844 {\n  width: 100%;\n}\n<\/style>\n\t<\/div>\n\t\n\t\t<\/div><!-- .section-content -->\n\n\t\t\n<style scope=\"scope\">\n\n#section_883083226 {\n  padding-top: 0px;\n  padding-bottom: 0px;\n}\n<\/style>\n\t<\/section>\n\t\n\t<section class=\"section\" id=\"section_2036151474\">\n\t\t<div class=\"bg section-bg fill bg-fill  bg-loaded\" >\n\n\t\t\t\n\t\t\t\n\t\t\t\n\n\t\t<\/div><!-- .section-bg -->\n\n\t\t<div class=\"section-content relative\">\n\t\t\t\n<div class=\"row\"  id=\"row-466846524\">\n<div class=\"col hide-for-small medium-3 small-12 large-3\"  ><div class=\"col-inner\"  >\n<\/div><\/div>\n<div class=\"col medium-6 small-12 large-6\"  ><div class=\"col-inner\"  >\n\n\t\t<div class=\"icon-box featured-box box1 icon-box-left text-left\"  >\n\t\t\t\t\t<div class=\"icon-box-img\" style=\"width: 45px\">\n\t\t\t\t<div class=\"icon\">\n\t\t\t\t\t<div class=\"icon-inner\" >\n\t\t\t\t\t\t<img loading=\"lazy\" decoding=\"async\" width=\"216\" height=\"300\" src=\"https:\/\/contungphong.vn\/wp-content\/uploads\/2023\/02\/hot-216x300.png\" class=\"attachment-medium size-medium\" alt=\"\" srcset=\"https:\/\/contungphong.vn\/wp-content\/uploads\/2023\/02\/hot-216x300.png 216w, https:\/\/contungphong.vn\/wp-content\/uploads\/2023\/02\/hot-738x1024.png 738w, https:\/\/contungphong.vn\/wp-content\/uploads\/2023\/02\/hot-768x1065.png 768w, https:\/\/contungphong.vn\/wp-content\/uploads\/2023\/02\/hot-1108x1536.png 1108w, https:\/\/contungphong.vn\/wp-content\/uploads\/2023\/02\/hot-1477x2048.png 1477w\" sizes=\"auto, (max-width: 216px) 100vw, 216px\" \/>\t\t\t\t\t<\/div>\n\t\t\t\t<\/div>\n\t\t\t<\/div>\n\t\t\t\t<div class=\"icon-box-text last-reset\">\n\t\t\t\t\t\t\t\t\t\n<h2 class=\"tieudee\" style=\"text-align: left;\">S\u1ea3n ph\u1ea9m c\u1ed3n t\u00fai si\u00eau ch\u00e1y<\/h2>\n\t\t<\/div>\n\t<\/div><!-- .icon-box -->\n\t\n\t\n<\/div><\/div>\n<div class=\"col hide-for-small medium-3 small-12 large-3\"  ><div class=\"col-inner\"  >\n<\/div><\/div>\n<\/div>\n<div class=\"row row-small\"  id=\"row-362453127\">\n<div class=\"col medium-3 small-6 large-3\"  ><div class=\"col-inner\"  >\n\t<div class=\"box has-hover conkho  has-hover box-text-bottom\" >\n\n\t\t<div class=\"box-image\" >\n\t\t\t\t\t\t<div class=\"image-zoom image-cover\" style=\"padding-top:75%;\">\n\t\t\t\t<img loading=\"lazy\" decoding=\"async\" width=\"1920\" height=\"2560\" src=\"https:\/\/contungphong.vn\/wp-content\/uploads\/2023\/02\/14.jpg\" class=\"attachment-original size-original\" alt=\"\" srcset=\"https:\/\/contungphong.vn\/wp-content\/uploads\/2023\/02\/14.jpg 1920w, https:\/\/contungphong.vn\/wp-content\/uploads\/2023\/02\/14-225x300.jpg 225w, https:\/\/contungphong.vn\/wp-content\/uploads\/2023\/02\/14-768x1024.jpg 768w, https:\/\/contungphong.vn\/wp-content\/uploads\/2023\/02\/14-1152x1536.jpg 1152w, https:\/\/contungphong.vn\/wp-content\/uploads\/2023\/02\/14-1536x2048.jpg 1536w\" sizes=\"auto, (max-width: 1920px) 100vw, 1920px\" \/>\t\t\t\t\t\t\t\t\t\t\t<\/div>\n\t\t\t\t\t<\/div><!-- box-image -->\n\n\t\t<div class=\"box-text text-center\" >\n\t\t\t<div class=\"box-text-inner\">\n\t\t\t\t\n<h4>C\u1ed3n th\u1ea1ch<\/h4>\n\t\t\t<\/div><!-- box-text-inner -->\n\t\t<\/div><!-- box-text -->\n\t<\/div><!-- .box  -->\n\t\n<\/div><\/div>\n<div class=\"col medium-3 small-6 large-3\"  ><div class=\"col-inner\"  >\n\t<div class=\"box has-hover conkho  has-hover box-text-bottom\" >\n\n\t\t<div class=\"box-image\" >\n\t\t\t\t\t\t<div class=\"image-zoom image-cover\" style=\"padding-top:75%;\">\n\t\t\t\t<img loading=\"lazy\" decoding=\"async\" width=\"1080\" height=\"810\" src=\"https:\/\/contungphong.vn\/wp-content\/uploads\/2023\/02\/20.jpg\" class=\"attachment-original size-original\" alt=\"\" srcset=\"https:\/\/contungphong.vn\/wp-content\/uploads\/2023\/02\/20.jpg 1080w, https:\/\/contungphong.vn\/wp-content\/uploads\/2023\/02\/20-300x225.jpg 300w, https:\/\/contungphong.vn\/wp-content\/uploads\/2023\/02\/20-1024x768.jpg 1024w, https:\/\/contungphong.vn\/wp-content\/uploads\/2023\/02\/20-768x576.jpg 768w\" sizes=\"auto, (max-width: 1080px) 100vw, 1080px\" \/>\t\t\t\t\t\t\t\t\t\t\t<\/div>\n\t\t\t\t\t<\/div><!-- box-image -->\n\n\t\t<div class=\"box-text text-center\" >\n\t\t\t<div class=\"box-text-inner\">\n\t\t\t\t\n<h4>C\u1ed3n kh\u00f4<\/h4>\n\t\t\t<\/div><!-- box-text-inner -->\n\t\t<\/div><!-- box-text -->\n\t<\/div><!-- .box  -->\n\t\n<\/div><\/div>\n<div class=\"col medium-3 small-6 large-3\"  ><div class=\"col-inner\"  >\n\t<div class=\"box has-hover conkho  has-hover box-text-bottom\" >\n\n\t\t<div class=\"box-image\" >\n\t\t\t\t\t\t<div class=\"image-zoom image-cover\" style=\"padding-top:75%;\">\n\t\t\t\t<img loading=\"lazy\" decoding=\"async\" width=\"1080\" height=\"810\" src=\"https:\/\/contungphong.vn\/wp-content\/uploads\/2023\/02\/19.jpg\" class=\"attachment-original size-original\" alt=\"\" srcset=\"https:\/\/contungphong.vn\/wp-content\/uploads\/2023\/02\/19.jpg 1080w, https:\/\/contungphong.vn\/wp-content\/uploads\/2023\/02\/19-300x225.jpg 300w, https:\/\/contungphong.vn\/wp-content\/uploads\/2023\/02\/19-1024x768.jpg 1024w, https:\/\/contungphong.vn\/wp-content\/uploads\/2023\/02\/19-768x576.jpg 768w\" sizes=\"auto, (max-width: 1080px) 100vw, 1080px\" \/>\t\t\t\t\t\t\t\t\t\t\t<\/div>\n\t\t\t\t\t<\/div><!-- box-image -->\n\n\t\t<div class=\"box-text text-center\" >\n\t\t\t<div class=\"box-text-inner\">\n\t\t\t\t\n<h4>C\u1ed3n kh\u00f4<\/h4>\n\t\t\t<\/div><!-- box-text-inner -->\n\t\t<\/div><!-- box-text -->\n\t<\/div><!-- .box  -->\n\t\n<\/div><\/div>\n<div class=\"col medium-3 small-6 large-3\"  ><div class=\"col-inner\"  >\n\t<div class=\"box has-hover conkho  has-hover box-text-bottom\" >\n\n\t\t<div class=\"box-image\" >\n\t\t\t\t\t\t<div class=\"image-zoom image-cover\" style=\"padding-top:75%;\">\n\t\t\t\t<img loading=\"lazy\" decoding=\"async\" width=\"2351\" height=\"2560\" src=\"https:\/\/contungphong.vn\/wp-content\/uploads\/2023\/02\/13-1.jpg\" class=\"attachment-original size-original\" alt=\"\" srcset=\"https:\/\/contungphong.vn\/wp-content\/uploads\/2023\/02\/13-1.jpg 2351w, https:\/\/contungphong.vn\/wp-content\/uploads\/2023\/02\/13-1-276x300.jpg 276w, https:\/\/contungphong.vn\/wp-content\/uploads\/2023\/02\/13-1-940x1024.jpg 940w, https:\/\/contungphong.vn\/wp-content\/uploads\/2023\/02\/13-1-768x836.jpg 768w, https:\/\/contungphong.vn\/wp-content\/uploads\/2023\/02\/13-1-1411x1536.jpg 1411w, https:\/\/contungphong.vn\/wp-content\/uploads\/2023\/02\/13-1-1881x2048.jpg 1881w\" sizes=\"auto, (max-width: 2351px) 100vw, 2351px\" \/>\t\t\t\t\t\t\t\t\t\t\t<\/div>\n\t\t\t\t\t<\/div><!-- box-image -->\n\n\t\t<div class=\"box-text text-center\" >\n\t\t\t<div class=\"box-text-inner\">\n\t\t\t\t\n<h4>C\u1ed3n kh\u00f4<\/h4>\n\t\t\t<\/div><!-- box-text-inner -->\n\t\t<\/div><!-- box-text -->\n\t<\/div><!-- .box  -->\n\t\n<\/div><\/div>\n\n<style scope=\"scope\">\n\n<\/style>\n<\/div>\n\t\t<\/div><!-- .section-content -->\n\n\t\t\n<style scope=\"scope\">\n\n#section_2036151474 {\n  padding-top: 30px;\n  padding-bottom: 30px;\n}\n<\/style>\n\t<\/section>\n\t\n\t<section class=\"section\" id=\"section_1671294758\">\n\t\t<div class=\"bg section-bg fill bg-fill  bg-loaded\" >\n\n\t\t\t\n\t\t\t\n\t\t\t\n\n\t\t<\/div><!-- .section-bg -->\n\n\t\t<div class=\"section-content relative\">\n\t\t\t\n<div class=\"row\"  id=\"row-1770349999\">\n<div class=\"col small-12 large-12\"  ><div class=\"col-inner\"  >\n\t<div class=\"img has-hover x md-x lg-x y md-y lg-y\" id=\"image_409223635\">\n\t\t\t\t\t\t\t\t<div class=\"img-inner dark\" >\n\t\t\t<img loading=\"lazy\" decoding=\"async\" width=\"1000\" height=\"78\" src=\"https:\/\/contungphong.vn\/wp-content\/uploads\/2023\/02\/f1.jpg\" class=\"attachment-original size-original\" alt=\"\" srcset=\"https:\/\/contungphong.vn\/wp-content\/uploads\/2023\/02\/f1.jpg 1000w, https:\/\/contungphong.vn\/wp-content\/uploads\/2023\/02\/f1-300x23.jpg 300w, https:\/\/contungphong.vn\/wp-content\/uploads\/2023\/02\/f1-768x60.jpg 768w\" sizes=\"auto, (max-width: 1000px) 100vw, 1000px\" \/>\t\t\t\t\t\t\n\t\t\t\t\t<\/div>\n\t\t\t\t\t\t\t\t\n<style scope=\"scope\">\n\n#image_409223635 {\n  width: 100%;\n}\n<\/style>\n\t<\/div>\n\t\n<\/div><\/div>\n<\/div>\n\t\t<\/div><!-- .section-content -->\n\n\t\t\n<style scope=\"scope\">\n\n#section_1671294758 {\n  padding-top: 0px;\n  padding-bottom: 0px;\n}\n<\/style>\n\t<\/section>\n\t\n\n\t<section class=\"section\" id=\"section_202821305\">\n\t\t<div class=\"bg section-bg fill bg-fill  \" >\n\n\t\t\t\n\t\t\t\n\t\t\t\n\n\t\t<\/div><!-- .section-bg -->\n\n\t\t<div class=\"section-content relative\">\n\t\t\t\n<div class=\"row\"  id=\"row-259132927\">\n<div class=\"col medium-7 small-12 large-7\"  ><div class=\"col-inner\"  >\n<p class=\"giaithuong1\" style=\"text-align: justify;\"><span style=\"color: #000000;\">T\u00f9ng Phong mong mu\u1ed1n \u0111\u01b0a ng\u1ecdn l\u1eeda s\u1ea1ch v\u00e0o t\u1ea5t c\u1ea3 c\u00e1c b\u1ebfp \u0103n gia \u0111\u00ecnh c\u1ee7a ng\u01b0\u1eddi Vi\u1ec7t Nam. V\u1edbi ph\u01b0\u01a1ng ch\u00e2m kinh doanh &#8220;Ch\u1ea5t l\u01b0\u1ee3ng uy t\u00edn v\u1edbi gi\u00e1 h\u1ee3p l\u00fd v\u00e0 d\u1ecbch v\u1ee5 ho\u00e0n h\u1ea3o&#8221;. Ch\u00fang t\u00f4i \u0111\u00e3 kh\u00f4ng ng\u1eebng c\u1ea3i thi\u1ec7n v\u1ec1 ch\u1ea5t l\u01b0\u1ee3ng s\u1ea3n ph\u1ea9m v\u00e0 ph\u1ea5n \u0111\u1ea5u \u0111\u01b0a gi\u00e1 th\u00e0nh s\u1ea3n ph\u1ea9m ng\u00e0y m\u1ed9t h\u1ee3p l\u00fd v\u1edbi chi ph\u00ed c\u1ee7a ng\u01b0\u1eddi Vi\u1ec7t Nam.<\/span><\/p>\n\t<div class=\"img has-hover anh1 x md-x lg-x y md-y lg-y\" id=\"image_303236059\">\n\t\t\t\t\t\t\t\t<div class=\"img-inner dark\" >\n\t\t\t<img loading=\"lazy\" decoding=\"async\" width=\"1574\" height=\"1252\" src=\"https:\/\/contungphong.vn\/wp-content\/uploads\/2023\/02\/giaithuongmain1.png\" class=\"attachment-original size-original\" alt=\"\" srcset=\"https:\/\/contungphong.vn\/wp-content\/uploads\/2023\/02\/giaithuongmain1.png 1574w, https:\/\/contungphong.vn\/wp-content\/uploads\/2023\/02\/giaithuongmain1-300x239.png 300w, https:\/\/contungphong.vn\/wp-content\/uploads\/2023\/02\/giaithuongmain1-1024x815.png 1024w, https:\/\/contungphong.vn\/wp-content\/uploads\/2023\/02\/giaithuongmain1-768x611.png 768w, https:\/\/contungphong.vn\/wp-content\/uploads\/2023\/02\/giaithuongmain1-1536x1222.png 1536w\" sizes=\"auto, (max-width: 1574px) 100vw, 1574px\" \/>\t\t\t\t\t\t\n\t\t\t\t\t<\/div>\n\t\t\t\t\t\t\t\t\n<style scope=\"scope\">\n\n#image_303236059 {\n  width: 100%;\n}\n<\/style>\n\t<\/div>\n\t\n<\/div><\/div>\n<div class=\"col medium-5 small-12 large-5\"  ><div class=\"col-inner\"  >\n<h2 class=\"tieudee\" style=\"text-align: left;\">C\u00d4NG TY TNHH TM &#8211; SX T\u00d9NG PHONG<\/h2>\n<div class=\"lienhe\">\n<i class=\"fa fa-phone\" aria-hidden=\"true\"><\/i> <span style=\"color: #2b3278;\"><strong>\u0110\u1ecba ch\u1ec9:<\/strong><\/span> L\u00f4 A39, KCN Ph\u00fa T\u00e0i, Tp. Quy Nh\u01a1n<\/p>\n<p><i class=\"fa fa-envelope\" aria-hidden=\"true\"><\/i> <span style=\"color: #2b3278;\"><strong>Email:<\/strong><\/span> info@tungphong.com<br \/><i class=\"fa fa-facebook-square\" aria-hidden=\"true\"><\/i> <span style=\"color: #2b3278;\"><strong>Fanpage:<\/strong><\/span> fb.com\/conkhotungphong<\/div>\n<div class=\"gap-element clearfix\" style=\"display:block; height:auto; padding-top:20px\"><\/div>\n<blockquote>\n<h3><span style=\"color: #2b3278;\"><strong>LI\u00caN H\u1ec6 H\u1ee2P T\u00c1C<\/strong><\/span><br \/><span style=\"color: #2b3278;\"><strong> 0396.114.114 <\/strong><\/span><\/h3>\n<\/blockquote>\n<h3><span style=\"color: #993300;\"><strong><span style=\"text-decoration: underline;\">GI\u1ea2I TH\u01af\u1edeNG V\u00c0 CH\u1ee8NG TH\u01af<\/span> <\/strong><\/span><\/h3>\n<p><em><span style=\"color: #000000;\">Top 100 th\u01b0\u01a1ng hi\u1ec7u &#8211; nh\u00e3n hi\u1ec7u n\u1ed5i ti\u1ebfng <\/span><\/em><br \/><em><span style=\"color: #000000;\">S\u1ea3n ph\u1ea9m th\u01b0\u01a1ng hi\u1ec7u ch\u1ea5t l\u01b0\u1ee3ng cao<\/span><\/em><\/p>\n\n\t\t<div class=\"icon-box featured-box icon-box-right text-right\"  >\n\t\t\t\t\t<div class=\"icon-box-img\" style=\"width: 237px\">\n\t\t\t\t<div class=\"icon\">\n\t\t\t\t\t<div class=\"icon-inner\" >\n\t\t\t\t\t\t<img loading=\"lazy\" decoding=\"async\" width=\"300\" height=\"150\" src=\"https:\/\/contungphong.vn\/wp-content\/uploads\/2023\/02\/d11-300x150.png\" class=\"attachment-medium size-medium\" alt=\"\" srcset=\"https:\/\/contungphong.vn\/wp-content\/uploads\/2023\/02\/d11-300x150.png 300w, https:\/\/contungphong.vn\/wp-content\/uploads\/2023\/02\/d11-768x384.png 768w, https:\/\/contungphong.vn\/wp-content\/uploads\/2023\/02\/d11.png 1000w\" sizes=\"auto, (max-width: 300px) 100vw, 300px\" \/>\t\t\t\t\t<\/div>\n\t\t\t\t<\/div>\n\t\t\t<\/div>\n\t\t\t\t<div class=\"icon-box-text last-reset\">\n\t\t\t\t\t\t\t\t\t\n\t\t<\/div>\n\t<\/div><!-- .icon-box -->\n\t\n\t\n<\/div><\/div>\n<\/div>\n\t\t<\/div><!-- .section-content -->\n\n\t\t\n<style scope=\"scope\">\n\n#section_202821305 {\n  padding-top: 75px;\n  padding-bottom: 75px;\n}\n#section_202821305 .section-bg.bg-loaded {\n  background-image: url(https:\/\/contungphong.vn\/wp-content\/uploads\/2023\/02\/sq-scaled.jpg);\n}\n#section_202821305 .section-bg {\n  background-position: 100%90%;\n}\n<\/style>\n\t<\/section>\n\t\n","protected":false},"excerpt":{"rendered":"","protected":false},"author":2,"featured_media":62,"parent":0,"menu_order":0,"comment_status":"closed","ping_status":"closed","template":"page-transparent-header-light.php","meta":{"footnotes":""},"class_list":["post-15","page","type-page","status-publish","has-post-thumbnail","hentry"],"_links":{"self":[{"href":"https:\/\/contungphong.vn\/index.php\/wp-json\/wp\/v2\/pages\/15","targetHints":{"allow":["GET"]}}],"collection":[{"href":"https:\/\/contungphong.vn\/index.php\/wp-json\/wp\/v2\/pages"}],"about":[{"href":"https:\/\/contungphong.vn\/index.php\/wp-json\/wp\/v2\/types\/page"}],"author":[{"embeddable":true,"href":"https:\/\/contungphong.vn\/index.php\/wp-json\/wp\/v2\/users\/2"}],"replies":[{"embeddable":true,"href":"https:\/\/contungphong.vn\/index.php\/wp-json\/wp\/v2\/comments?post=15"}],"version-history":[{"count":54,"href":"https:\/\/contungphong.vn\/index.php\/wp-json\/wp\/v2\/pages\/15\/revisions"}],"predecessor-version":[{"id":126,"href":"https:\/\/contungphong.vn\/index.php\/wp-json\/wp\/v2\/pages\/15\/revisions\/126"}],"wp:featuredmedia":[{"embeddable":true,"href":"https:\/\/contungphong.vn\/index.php\/wp-json\/wp\/v2\/media\/62"}],"wp:attachment":[{"href":"https:\/\/contungphong.vn\/index.php\/wp-json\/wp\/v2\/media?parent=15"}],"curies":[{"name":"wp","href":"https:\/\/api.w.org\/{rel}","templated":true}]}}